{"id":6452,"date":"2025-05-05T22:25:19","date_gmt":"2025-05-06T01:25:19","guid":{"rendered":"https:\/\/alfabetiza.net\/?post_type=product&#038;p=6452"},"modified":"2026-03-20T21:41:52","modified_gmt":"2026-03-21T00:41:52","slug":"texto-alfabetizacao","status":"publish","type":"product","link":"https:\/\/alfabetiza.net\/loja\/produto\/texto-alfabetizacao\/","title":{"rendered":"Texto Alfabetiza\u00e7\u00e3o"},"content":{"rendered":"<p>Texto Alfabetiza\u00e7\u00e3o do Blog Mestre do Saber com 26 p\u00e1ginas para trabalhar interpreta\u00e7\u00e3o de texto. Para trabalhar todas as letras do alfabeto. As atividades podem ser usadas com crian\u00e7as do fundamental I do 1\u00ba ao 5\u00ba ano.<\/p>\n<p>\u00d3tima proposta para trabalhar interpreta\u00e7\u00e3o de texto com alunos do fundamental.<\/p>\n<ul>\n<li>26 p\u00e1ginas<\/li>\n<li>PDF para download<\/li>\n<li>qualidade nas imagens<\/li>\n<li>atividade pronta para impress\u00e3o<\/li>\n<\/ul>\n<p>O arquivo estar\u00e1 dispon\u00edvel para download na \u00e1rea \u201cMinha conta\u201d e \u201cDownloads\u201d.<\/p>\n","protected":false},"excerpt":{"rendered":"<p>Texto Alfabetiza\u00e7\u00e3o do Blog Mestre do Saber com 26 p\u00e1ginas para trabalhar interpreta\u00e7\u00e3o de texto. Para trabalhar todas as letras do alfabeto. As atividades podem ser usadas com crian\u00e7as do fundamental I do 1\u00ba ao 5\u00ba ano.<\/p>\n<p>\u00d3tima proposta para trabalhar interpreta\u00e7\u00e3o de texto com alunos do fundamental.<\/p>\n<ul>\n<li>26 p\u00e1ginas<\/li>\n<li>PDF para download<\/li>\n<li>qualidade nas imagens<\/li>\n<li>atividade pronta para impress\u00e3o<\/li>\n<\/ul>\n<p>O arquivo estar\u00e1 dispon\u00edvel para download na \u00e1rea \u201cMinha conta\u201d e \u201cDownloads\u201d.<\/p>\n","protected":false},"featured_media":6454,"comment_status":"closed","ping_status":"closed","template":"","meta":{"_monsterinsights_skip_tracking":false,"_monsterinsights_sitenote_active":false,"_monsterinsights_sitenote_note":"","_monsterinsights_sitenote_category":0,"site-sidebar-layout":"default","site-content-layout":"","ast-site-content-layout":"default","site-content-style":"default","site-sidebar-style":"default","ast-global-header-display":"","ast-banner-title-visibility":"","ast-main-header-display":"","ast-hfb-above-header-display":"","ast-hfb-below-header-display":"","ast-hfb-mobile-header-display":"","site-post-title":"","ast-breadcrumbs-content":"","ast-featured-img":"","footer-sml-layout":"","ast-disable-related-posts":"","theme-transparent-header-meta":"default","adv-header-id-meta":"","stick-header-meta":"","header-above-stick-meta":"","header-main-stick-meta":"","header-below-stick-meta":"","astra-migrate-meta-layouts":"set","ast-page-background-enabled":"default","ast-page-background-meta":{"desktop":{"background-color":"","background-image":"","background-repeat":"repeat","background-position":"center center","background-size":"auto","background-attachment":"scroll","background-type":"","background-media":"","overlay-type":"","overlay-color":"","overlay-opacity":"","overlay-gradient":""},"tablet":{"background-color":"","background-image":"","background-repeat":"repeat","background-position":"center center","background-size":"auto","background-attachment":"scroll","background-type":"","background-media":"","overlay-type":"","overlay-color":"","overlay-opacity":"","overlay-gradient":""},"mobile":{"background-color":"","background-image":"","background-repeat":"repeat","background-position":"center center","background-size":"auto","background-attachment":"scroll","background-type":"","background-media":"","overlay-type":"","overlay-color":"","overlay-opacity":"","overlay-gradient":""}},"ast-content-background-meta":{"desktop":{"background-color":"var(--ast-global-color-5)","background-image":"","background-repeat":"repeat","background-position":"center center","background-size":"auto","background-attachment":"scroll","background-type":"","background-media":"","overlay-type":"","overlay-color":"","overlay-opacity":"","overlay-gradient":""},"tablet":{"background-color":"var(--ast-global-color-5)","background-image":"","background-repeat":"repeat","background-position":"center center","background-size":"auto","background-attachment":"scroll","background-type":"","background-media":"","overlay-type":"","overlay-color":"","overlay-opacity":"","overlay-gradient":""},"mobile":{"background-color":"var(--ast-global-color-5)","background-image":"","background-repeat":"repeat","background-position":"center center","background-size":"auto","background-attachment":"scroll","background-type":"","background-media":"","overlay-type":"","overlay-color":"","overlay-opacity":"","overlay-gradient":""}}},"product_brand":[],"product_cat":[21,24,20],"product_tag":[],"class_list":{"0":"post-6452","1":"product","2":"type-product","3":"status-publish","4":"has-post-thumbnail","6":"product_cat-1o-ano","7":"product_cat-2o-ano","8":"product_cat-alfabetizacao","9":"desktop-align-left","10":"tablet-align-left","11":"mobile-align-left","13":"first","14":"instock","15":"downloadable","16":"virtual","17":"purchasable","18":"product-type-simple"},"yoast_head":"<!-- This site is optimized with the Yoast SEO plugin v27.3 - https:\/\/yoast.com\/product\/yoast-seo-wordpress\/ -->\n<title>Texto Alfabetiza\u00e7\u00e3o - Mestre do Saber - Loja<\/title>\n<meta name=\"description\" content=\"Texto Alfabetiza\u00e7\u00e3o do Blog Mestre do Saber com 26 p\u00e1ginas para trabalhar interpreta\u00e7\u00e3o de texto. Para trabalhar todas as letras do alfabeto.\" \/>\n<meta name=\"robots\" content=\"index, follow, max-snippet:-1, max-image-preview:large, max-video-preview:-1\" \/>\n<link rel=\"canonical\" href=\"https:\/\/alfabetiza.net\/produto\/texto-alfabetizacao\/\" \/>\n<meta property=\"og:locale\" content=\"pt_BR\" \/>\n<meta property=\"og:type\" content=\"article\" \/>\n<meta property=\"og:title\" content=\"Texto Alfabetiza\u00e7\u00e3o - Mestre do Saber - Loja\" \/>\n<meta property=\"og:description\" content=\"Texto Alfabetiza\u00e7\u00e3o do Blog Mestre do Saber com 26 p\u00e1ginas para trabalhar interpreta\u00e7\u00e3o de texto. Para trabalhar todas as letras do alfabeto.\" \/>\n<meta property=\"og:url\" content=\"https:\/\/alfabetiza.net\/produto\/texto-alfabetizacao\/\" \/>\n<meta property=\"og:site_name\" content=\"Mestre do Saber - Loja\" \/>\n<meta property=\"article:modified_time\" content=\"2026-03-21T00:41:52+00:00\" \/>\n<meta property=\"og:image\" content=\"https:\/\/alfabetiza.net\/wp-content\/uploads\/2025\/05\/1-texto-alfabetizacao-mestre-do-saber.jpg\" \/>\n\t<meta property=\"og:image:width\" content=\"1654\" \/>\n\t<meta property=\"og:image:height\" content=\"2339\" \/>\n\t<meta property=\"og:image:type\" content=\"image\/jpeg\" \/>\n<meta name=\"twitter:card\" content=\"summary_large_image\" \/>\n<meta name=\"twitter:label1\" content=\"Est. tempo de leitura\" \/>\n\t<meta name=\"twitter:data1\" content=\"1 minuto\" \/>\n<script type=\"application\/ld+json\" class=\"yoast-schema-graph\">{\"@context\":\"https:\\\/\\\/schema.org\",\"@graph\":[{\"@type\":\"WebPage\",\"@id\":\"https:\\\/\\\/alfabetiza.net\\\/produto\\\/texto-alfabetizacao\\\/\",\"url\":\"https:\\\/\\\/alfabetiza.net\\\/produto\\\/texto-alfabetizacao\\\/\",\"name\":\"Texto Alfabetiza\u00e7\u00e3o - Mestre do Saber - Loja\",\"isPartOf\":{\"@id\":\"https:\\\/\\\/alfabetiza.net\\\/#website\"},\"primaryImageOfPage\":{\"@id\":\"https:\\\/\\\/alfabetiza.net\\\/produto\\\/texto-alfabetizacao\\\/#primaryimage\"},\"image\":{\"@id\":\"https:\\\/\\\/alfabetiza.net\\\/produto\\\/texto-alfabetizacao\\\/#primaryimage\"},\"thumbnailUrl\":\"https:\\\/\\\/alfabetiza.net\\\/loja\\\/wp-content\\\/uploads\\\/2025\\\/05\\\/1-texto-alfabetizacao-mestre-do-saber.jpg\",\"datePublished\":\"2025-05-06T01:25:19+00:00\",\"dateModified\":\"2026-03-21T00:41:52+00:00\",\"description\":\"Texto Alfabetiza\u00e7\u00e3o do Blog Mestre do Saber com 26 p\u00e1ginas para trabalhar interpreta\u00e7\u00e3o de texto. Para trabalhar todas as letras do alfabeto.\",\"breadcrumb\":{\"@id\":\"https:\\\/\\\/alfabetiza.net\\\/produto\\\/texto-alfabetizacao\\\/#breadcrumb\"},\"inLanguage\":\"pt-BR\",\"potentialAction\":[{\"@type\":\"ReadAction\",\"target\":[\"https:\\\/\\\/alfabetiza.net\\\/produto\\\/texto-alfabetizacao\\\/\"]}]},{\"@type\":\"ImageObject\",\"inLanguage\":\"pt-BR\",\"@id\":\"https:\\\/\\\/alfabetiza.net\\\/produto\\\/texto-alfabetizacao\\\/#primaryimage\",\"url\":\"https:\\\/\\\/alfabetiza.net\\\/loja\\\/wp-content\\\/uploads\\\/2025\\\/05\\\/1-texto-alfabetizacao-mestre-do-saber.jpg\",\"contentUrl\":\"https:\\\/\\\/alfabetiza.net\\\/loja\\\/wp-content\\\/uploads\\\/2025\\\/05\\\/1-texto-alfabetizacao-mestre-do-saber.jpg\",\"width\":1654,\"height\":2339},{\"@type\":\"BreadcrumbList\",\"@id\":\"https:\\\/\\\/alfabetiza.net\\\/produto\\\/texto-alfabetizacao\\\/#breadcrumb\",\"itemListElement\":[{\"@type\":\"ListItem\",\"position\":1,\"name\":\"In\u00edcio\",\"item\":\"https:\\\/\\\/alfabetiza.net\\\/loja\\\/\"},{\"@type\":\"ListItem\",\"position\":2,\"name\":\"Loja\",\"item\":\"https:\\\/\\\/alfabetiza.net\\\/loja\\\/\"},{\"@type\":\"ListItem\",\"position\":3,\"name\":\"Texto Alfabetiza\u00e7\u00e3o\"}]},{\"@type\":\"WebSite\",\"@id\":\"https:\\\/\\\/alfabetiza.net\\\/#website\",\"url\":\"https:\\\/\\\/alfabetiza.net\\\/\",\"name\":\"Mestre do Saber - Loja\",\"description\":\"As melhores atividades de alfabetiza\u00e7\u00e3o para facilitar a sua pr\u00e1tica\",\"publisher\":{\"@id\":\"https:\\\/\\\/alfabetiza.net\\\/#organization\"},\"potentialAction\":[{\"@type\":\"SearchAction\",\"target\":{\"@type\":\"EntryPoint\",\"urlTemplate\":\"https:\\\/\\\/alfabetiza.net\\\/?s={search_term_string}\"},\"query-input\":{\"@type\":\"PropertyValueSpecification\",\"valueRequired\":true,\"valueName\":\"search_term_string\"}}],\"inLanguage\":\"pt-BR\"},{\"@type\":\"Organization\",\"@id\":\"https:\\\/\\\/alfabetiza.net\\\/#organization\",\"name\":\"Atividades de Alfabetiza\u00e7\u00e3o\",\"url\":\"https:\\\/\\\/alfabetiza.net\\\/\",\"logo\":{\"@type\":\"ImageObject\",\"inLanguage\":\"pt-BR\",\"@id\":\"https:\\\/\\\/alfabetiza.net\\\/#\\\/schema\\\/logo\\\/image\\\/\",\"url\":\"https:\\\/\\\/alfabetiza.net\\\/loja\\\/wp-content\\\/uploads\\\/2019\\\/11\\\/Logo-alfabetiza.net_.png\",\"contentUrl\":\"https:\\\/\\\/alfabetiza.net\\\/loja\\\/wp-content\\\/uploads\\\/2019\\\/11\\\/Logo-alfabetiza.net_.png\",\"width\":1363,\"height\":1362,\"caption\":\"Atividades de Alfabetiza\u00e7\u00e3o\"},\"image\":{\"@id\":\"https:\\\/\\\/alfabetiza.net\\\/#\\\/schema\\\/logo\\\/image\\\/\"}}]}<\/script>\n<!-- \/ Yoast SEO plugin. -->","yoast_head_json":{"title":"Texto Alfabetiza\u00e7\u00e3o - Mestre do Saber - Loja","description":"Texto Alfabetiza\u00e7\u00e3o do Blog Mestre do Saber com 26 p\u00e1ginas para trabalhar interpreta\u00e7\u00e3o de texto. Para trabalhar todas as letras do alfabeto.","robots":{"index":"index","follow":"follow","max-snippet":"max-snippet:-1","max-image-preview":"max-image-preview:large","max-video-preview":"max-video-preview:-1"},"canonical":"https:\/\/alfabetiza.net\/produto\/texto-alfabetizacao\/","og_locale":"pt_BR","og_type":"article","og_title":"Texto Alfabetiza\u00e7\u00e3o - Mestre do Saber - Loja","og_description":"Texto Alfabetiza\u00e7\u00e3o do Blog Mestre do Saber com 26 p\u00e1ginas para trabalhar interpreta\u00e7\u00e3o de texto. Para trabalhar todas as letras do alfabeto.","og_url":"https:\/\/alfabetiza.net\/produto\/texto-alfabetizacao\/","og_site_name":"Mestre do Saber - Loja","article_modified_time":"2026-03-21T00:41:52+00:00","og_image":[{"width":1654,"height":2339,"url":"https:\/\/alfabetiza.net\/wp-content\/uploads\/2025\/05\/1-texto-alfabetizacao-mestre-do-saber.jpg","type":"image\/jpeg"}],"twitter_card":"summary_large_image","twitter_misc":{"Est. tempo de leitura":"1 minuto"},"schema":{"@context":"https:\/\/schema.org","@graph":[{"@type":"WebPage","@id":"https:\/\/alfabetiza.net\/produto\/texto-alfabetizacao\/","url":"https:\/\/alfabetiza.net\/produto\/texto-alfabetizacao\/","name":"Texto Alfabetiza\u00e7\u00e3o - Mestre do Saber - Loja","isPartOf":{"@id":"https:\/\/alfabetiza.net\/#website"},"primaryImageOfPage":{"@id":"https:\/\/alfabetiza.net\/produto\/texto-alfabetizacao\/#primaryimage"},"image":{"@id":"https:\/\/alfabetiza.net\/produto\/texto-alfabetizacao\/#primaryimage"},"thumbnailUrl":"https:\/\/alfabetiza.net\/loja\/wp-content\/uploads\/2025\/05\/1-texto-alfabetizacao-mestre-do-saber.jpg","datePublished":"2025-05-06T01:25:19+00:00","dateModified":"2026-03-21T00:41:52+00:00","description":"Texto Alfabetiza\u00e7\u00e3o do Blog Mestre do Saber com 26 p\u00e1ginas para trabalhar interpreta\u00e7\u00e3o de texto. Para trabalhar todas as letras do alfabeto.","breadcrumb":{"@id":"https:\/\/alfabetiza.net\/produto\/texto-alfabetizacao\/#breadcrumb"},"inLanguage":"pt-BR","potentialAction":[{"@type":"ReadAction","target":["https:\/\/alfabetiza.net\/produto\/texto-alfabetizacao\/"]}]},{"@type":"ImageObject","inLanguage":"pt-BR","@id":"https:\/\/alfabetiza.net\/produto\/texto-alfabetizacao\/#primaryimage","url":"https:\/\/alfabetiza.net\/loja\/wp-content\/uploads\/2025\/05\/1-texto-alfabetizacao-mestre-do-saber.jpg","contentUrl":"https:\/\/alfabetiza.net\/loja\/wp-content\/uploads\/2025\/05\/1-texto-alfabetizacao-mestre-do-saber.jpg","width":1654,"height":2339},{"@type":"BreadcrumbList","@id":"https:\/\/alfabetiza.net\/produto\/texto-alfabetizacao\/#breadcrumb","itemListElement":[{"@type":"ListItem","position":1,"name":"In\u00edcio","item":"https:\/\/alfabetiza.net\/loja\/"},{"@type":"ListItem","position":2,"name":"Loja","item":"https:\/\/alfabetiza.net\/loja\/"},{"@type":"ListItem","position":3,"name":"Texto Alfabetiza\u00e7\u00e3o"}]},{"@type":"WebSite","@id":"https:\/\/alfabetiza.net\/#website","url":"https:\/\/alfabetiza.net\/","name":"Mestre do Saber - Loja","description":"As melhores atividades de alfabetiza\u00e7\u00e3o para facilitar a sua pr\u00e1tica","publisher":{"@id":"https:\/\/alfabetiza.net\/#organization"},"potentialAction":[{"@type":"SearchAction","target":{"@type":"EntryPoint","urlTemplate":"https:\/\/alfabetiza.net\/?s={search_term_string}"},"query-input":{"@type":"PropertyValueSpecification","valueRequired":true,"valueName":"search_term_string"}}],"inLanguage":"pt-BR"},{"@type":"Organization","@id":"https:\/\/alfabetiza.net\/#organization","name":"Atividades de Alfabetiza\u00e7\u00e3o","url":"https:\/\/alfabetiza.net\/","logo":{"@type":"ImageObject","inLanguage":"pt-BR","@id":"https:\/\/alfabetiza.net\/#\/schema\/logo\/image\/","url":"https:\/\/alfabetiza.net\/loja\/wp-content\/uploads\/2019\/11\/Logo-alfabetiza.net_.png","contentUrl":"https:\/\/alfabetiza.net\/loja\/wp-content\/uploads\/2019\/11\/Logo-alfabetiza.net_.png","width":1363,"height":1362,"caption":"Atividades de Alfabetiza\u00e7\u00e3o"},"image":{"@id":"https:\/\/alfabetiza.net\/#\/schema\/logo\/image\/"}}]}},"_links":{"self":[{"href":"https:\/\/alfabetiza.net\/loja\/wp-json\/wp\/v2\/product\/6452","targetHints":{"allow":["GET"]}}],"collection":[{"href":"https:\/\/alfabetiza.net\/loja\/wp-json\/wp\/v2\/product"}],"about":[{"href":"https:\/\/alfabetiza.net\/loja\/wp-json\/wp\/v2\/types\/product"}],"replies":[{"embeddable":true,"href":"https:\/\/alfabetiza.net\/loja\/wp-json\/wp\/v2\/comments?post=6452"}],"wp:featuredmedia":[{"embeddable":true,"href":"https:\/\/alfabetiza.net\/loja\/wp-json\/wp\/v2\/media\/6454"}],"wp:attachment":[{"href":"https:\/\/alfabetiza.net\/loja\/wp-json\/wp\/v2\/media?parent=6452"}],"wp:term":[{"taxonomy":"product_brand","embeddable":true,"href":"https:\/\/alfabetiza.net\/loja\/wp-json\/wp\/v2\/product_brand?post=6452"},{"taxonomy":"product_cat","embeddable":true,"href":"https:\/\/alfabetiza.net\/loja\/wp-json\/wp\/v2\/product_cat?post=6452"},{"taxonomy":"product_tag","embeddable":true,"href":"https:\/\/alfabetiza.net\/loja\/wp-json\/wp\/v2\/product_tag?post=6452"}],"curies":[{"name":"wp","href":"https:\/\/api.w.org\/{rel}","templated":true}]}}