{"id":57,"date":"2020-07-08T01:12:29","date_gmt":"2020-07-08T04:12:29","guid":{"rendered":"https:\/\/alfabetiza.net\/loja\/minha-conta\/"},"modified":"2020-07-08T01:12:29","modified_gmt":"2020-07-08T04:12:29","slug":"minha-conta","status":"publish","type":"page","link":"https:\/\/alfabetiza.net\/loja\/minha-conta\/","title":{"rendered":"Minha conta"},"content":{"rendered":"<div class=\"woocommerce\"><\/div>\n","protected":false},"excerpt":{"rendered":"","protected":false},"author":1,"featured_media":0,"parent":0,"menu_order":0,"comment_status":"closed","ping_status":"closed","template":"","meta":{"_monsterinsights_skip_tracking":false,"_monsterinsights_sitenote_active":false,"_monsterinsights_sitenote_note":"","_monsterinsights_sitenote_category":0,"site-sidebar-layout":"default","site-content-layout":"","ast-site-content-layout":"default","site-content-style":"default","site-sidebar-style":"default","ast-global-header-display":"","ast-banner-title-visibility":"","ast-main-header-display":"","ast-hfb-above-header-display":"","ast-hfb-below-header-display":"","ast-hfb-mobile-header-display":"","site-post-title":"","ast-breadcrumbs-content":"","ast-featured-img":"","footer-sml-layout":"","ast-disable-related-posts":"","theme-transparent-header-meta":"","adv-header-id-meta":"","stick-header-meta":"","header-above-stick-meta":"","header-main-stick-meta":"","header-below-stick-meta":"","astra-migrate-meta-layouts":"default","ast-page-background-enabled":"default","ast-page-background-meta":{"desktop":{"background-color":"","background-image":"","background-repeat":"repeat","background-position":"center center","background-size":"auto","background-attachment":"scroll","background-type":"","background-media":"","overlay-type":"","overlay-color":"","overlay-opacity":"","overlay-gradient":""},"tablet":{"background-color":"","background-image":"","background-repeat":"repeat","background-position":"center center","background-size":"auto","background-attachment":"scroll","background-type":"","background-media":"","overlay-type":"","overlay-color":"","overlay-opacity":"","overlay-gradient":""},"mobile":{"background-color":"","background-image":"","background-repeat":"repeat","background-position":"center center","background-size":"auto","background-attachment":"scroll","background-type":"","background-media":"","overlay-type":"","overlay-color":"","overlay-opacity":"","overlay-gradient":""}},"ast-content-background-meta":{"desktop":{"background-color":"var(--ast-global-color-5)","background-image":"","background-repeat":"repeat","background-position":"center center","background-size":"auto","background-attachment":"scroll","background-type":"","background-media":"","overlay-type":"","overlay-color":"","overlay-opacity":"","overlay-gradient":""},"tablet":{"background-color":"var(--ast-global-color-5)","background-image":"","background-repeat":"repeat","background-position":"center center","background-size":"auto","background-attachment":"scroll","background-type":"","background-media":"","overlay-type":"","overlay-color":"","overlay-opacity":"","overlay-gradient":""},"mobile":{"background-color":"var(--ast-global-color-5)","background-image":"","background-repeat":"repeat","background-position":"center center","background-size":"auto","background-attachment":"scroll","background-type":"","background-media":"","overlay-type":"","overlay-color":"","overlay-opacity":"","overlay-gradient":""}},"footnotes":""},"class_list":["post-57","page","type-page","status-publish","hentry"],"yoast_head":"<!-- This site is optimized with the Yoast SEO plugin v27.3 - https:\/\/yoast.com\/product\/yoast-seo-wordpress\/ -->\n<title>Minha conta - Mestre do Saber - Loja<\/title>\n<meta name=\"robots\" content=\"index, follow, max-snippet:-1, max-image-preview:large, max-video-preview:-1\" \/>\n<link rel=\"canonical\" href=\"https:\/\/alfabetiza.net\/minha-conta\/\" \/>\n<meta property=\"og:locale\" content=\"pt_BR\" \/>\n<meta property=\"og:type\" content=\"article\" \/>\n<meta property=\"og:title\" content=\"Minha conta - Mestre do Saber - Loja\" \/>\n<meta property=\"og:url\" content=\"https:\/\/alfabetiza.net\/minha-conta\/\" \/>\n<meta property=\"og:site_name\" content=\"Mestre do Saber - Loja\" \/>\n<meta name=\"twitter:card\" content=\"summary_large_image\" \/>\n<script type=\"application\/ld+json\" class=\"yoast-schema-graph\">{\"@context\":\"https:\\\/\\\/schema.org\",\"@graph\":[{\"@type\":\"WebPage\",\"@id\":\"https:\\\/\\\/alfabetiza.net\\\/minha-conta\\\/\",\"url\":\"https:\\\/\\\/alfabetiza.net\\\/minha-conta\\\/\",\"name\":\"Minha conta - Mestre do Saber - Loja\",\"isPartOf\":{\"@id\":\"https:\\\/\\\/alfabetiza.net\\\/#website\"},\"datePublished\":\"2020-07-08T04:12:29+00:00\",\"breadcrumb\":{\"@id\":\"https:\\\/\\\/alfabetiza.net\\\/minha-conta\\\/#breadcrumb\"},\"inLanguage\":\"pt-BR\",\"potentialAction\":[{\"@type\":\"ReadAction\",\"target\":[\"https:\\\/\\\/alfabetiza.net\\\/minha-conta\\\/\"]}]},{\"@type\":\"BreadcrumbList\",\"@id\":\"https:\\\/\\\/alfabetiza.net\\\/minha-conta\\\/#breadcrumb\",\"itemListElement\":[{\"@type\":\"ListItem\",\"position\":1,\"name\":\"In\u00edcio\",\"item\":\"https:\\\/\\\/alfabetiza.net\\\/loja\\\/\"},{\"@type\":\"ListItem\",\"position\":2,\"name\":\"Minha conta\"}]},{\"@type\":\"WebSite\",\"@id\":\"https:\\\/\\\/alfabetiza.net\\\/#website\",\"url\":\"https:\\\/\\\/alfabetiza.net\\\/\",\"name\":\"Mestre do Saber - Loja\",\"description\":\"As melhores atividades de alfabetiza\u00e7\u00e3o para facilitar a sua pr\u00e1tica\",\"publisher\":{\"@id\":\"https:\\\/\\\/alfabetiza.net\\\/#organization\"},\"potentialAction\":[{\"@type\":\"SearchAction\",\"target\":{\"@type\":\"EntryPoint\",\"urlTemplate\":\"https:\\\/\\\/alfabetiza.net\\\/?s={search_term_string}\"},\"query-input\":{\"@type\":\"PropertyValueSpecification\",\"valueRequired\":true,\"valueName\":\"search_term_string\"}}],\"inLanguage\":\"pt-BR\"},{\"@type\":\"Organization\",\"@id\":\"https:\\\/\\\/alfabetiza.net\\\/#organization\",\"name\":\"Atividades de Alfabetiza\u00e7\u00e3o\",\"url\":\"https:\\\/\\\/alfabetiza.net\\\/\",\"logo\":{\"@type\":\"ImageObject\",\"inLanguage\":\"pt-BR\",\"@id\":\"https:\\\/\\\/alfabetiza.net\\\/#\\\/schema\\\/logo\\\/image\\\/\",\"url\":\"https:\\\/\\\/alfabetiza.net\\\/loja\\\/wp-content\\\/uploads\\\/2019\\\/11\\\/Logo-alfabetiza.net_.png\",\"contentUrl\":\"https:\\\/\\\/alfabetiza.net\\\/loja\\\/wp-content\\\/uploads\\\/2019\\\/11\\\/Logo-alfabetiza.net_.png\",\"width\":1363,\"height\":1362,\"caption\":\"Atividades de Alfabetiza\u00e7\u00e3o\"},\"image\":{\"@id\":\"https:\\\/\\\/alfabetiza.net\\\/#\\\/schema\\\/logo\\\/image\\\/\"}}]}<\/script>\n<!-- \/ Yoast SEO plugin. -->","yoast_head_json":{"title":"Minha conta - Mestre do Saber - Loja","robots":{"index":"index","follow":"follow","max-snippet":"max-snippet:-1","max-image-preview":"max-image-preview:large","max-video-preview":"max-video-preview:-1"},"canonical":"https:\/\/alfabetiza.net\/minha-conta\/","og_locale":"pt_BR","og_type":"article","og_title":"Minha conta - Mestre do Saber - Loja","og_url":"https:\/\/alfabetiza.net\/minha-conta\/","og_site_name":"Mestre do Saber - Loja","twitter_card":"summary_large_image","schema":{"@context":"https:\/\/schema.org","@graph":[{"@type":"WebPage","@id":"https:\/\/alfabetiza.net\/minha-conta\/","url":"https:\/\/alfabetiza.net\/minha-conta\/","name":"Minha conta - Mestre do Saber - Loja","isPartOf":{"@id":"https:\/\/alfabetiza.net\/#website"},"datePublished":"2020-07-08T04:12:29+00:00","breadcrumb":{"@id":"https:\/\/alfabetiza.net\/minha-conta\/#breadcrumb"},"inLanguage":"pt-BR","potentialAction":[{"@type":"ReadAction","target":["https:\/\/alfabetiza.net\/minha-conta\/"]}]},{"@type":"BreadcrumbList","@id":"https:\/\/alfabetiza.net\/minha-conta\/#breadcrumb","itemListElement":[{"@type":"ListItem","position":1,"name":"In\u00edcio","item":"https:\/\/alfabetiza.net\/loja\/"},{"@type":"ListItem","position":2,"name":"Minha conta"}]},{"@type":"WebSite","@id":"https:\/\/alfabetiza.net\/#website","url":"https:\/\/alfabetiza.net\/","name":"Mestre do Saber - Loja","description":"As melhores atividades de alfabetiza\u00e7\u00e3o para facilitar a sua pr\u00e1tica","publisher":{"@id":"https:\/\/alfabetiza.net\/#organization"},"potentialAction":[{"@type":"SearchAction","target":{"@type":"EntryPoint","urlTemplate":"https:\/\/alfabetiza.net\/?s={search_term_string}"},"query-input":{"@type":"PropertyValueSpecification","valueRequired":true,"valueName":"search_term_string"}}],"inLanguage":"pt-BR"},{"@type":"Organization","@id":"https:\/\/alfabetiza.net\/#organization","name":"Atividades de Alfabetiza\u00e7\u00e3o","url":"https:\/\/alfabetiza.net\/","logo":{"@type":"ImageObject","inLanguage":"pt-BR","@id":"https:\/\/alfabetiza.net\/#\/schema\/logo\/image\/","url":"https:\/\/alfabetiza.net\/loja\/wp-content\/uploads\/2019\/11\/Logo-alfabetiza.net_.png","contentUrl":"https:\/\/alfabetiza.net\/loja\/wp-content\/uploads\/2019\/11\/Logo-alfabetiza.net_.png","width":1363,"height":1362,"caption":"Atividades de Alfabetiza\u00e7\u00e3o"},"image":{"@id":"https:\/\/alfabetiza.net\/#\/schema\/logo\/image\/"}}]}},"_links":{"self":[{"href":"https:\/\/alfabetiza.net\/loja\/wp-json\/wp\/v2\/pages\/57","targetHints":{"allow":["GET"]}}],"collection":[{"href":"https:\/\/alfabetiza.net\/loja\/wp-json\/wp\/v2\/pages"}],"about":[{"href":"https:\/\/alfabetiza.net\/loja\/wp-json\/wp\/v2\/types\/page"}],"author":[{"embeddable":true,"href":"https:\/\/alfabetiza.net\/loja\/wp-json\/wp\/v2\/users\/1"}],"replies":[{"embeddable":true,"href":"https:\/\/alfabetiza.net\/loja\/wp-json\/wp\/v2\/comments?post=57"}],"version-history":[{"count":0,"href":"https:\/\/alfabetiza.net\/loja\/wp-json\/wp\/v2\/pages\/57\/revisions"}],"wp:attachment":[{"href":"https:\/\/alfabetiza.net\/loja\/wp-json\/wp\/v2\/media?parent=57"}],"curies":[{"name":"wp","href":"https:\/\/api.w.org\/{rel}","templated":true}]}}